{"id":1068,"date":"2017-05-10T12:28:06","date_gmt":"2017-05-10T10:28:06","guid":{"rendered":"http:\/\/www.sud-sdis84.fr\/?page_id=1068"},"modified":"2017-05-22T19:39:24","modified_gmt":"2017-05-22T17:39:24","slug":"pour-adherer-2","status":"publish","type":"page","link":"https:\/\/www.sud-sdis84.fr\/?page_id=1068","title":{"rendered":"Pour Adh\u00e9rer"},"content":{"rendered":"<p><span style=\"color: #ff0000;\"><strong>Important<\/strong> <\/span>:<br \/>\nSud ne fait pas de pr\u00e9l\u00e8vement, le paiement se fait par un virement automatique que vous cr\u00e9ez ou demandez \u00e0 votre banque.<br \/>\nDe ce fait vous pouvez \u00e0 tout moment d\u00e9cider de mettre fin au virement.<\/p>\n<h6><em><strong>Aucun Syndicat ne peut vous obliger \u00e0 rester sous couvert d&#8217;une reconduction automatique ou d&#8217;une obligation de paiement de cotisation calcul\u00e9e sur l&#8217;ann\u00e9e enti\u00e8re.<\/p>\n<p>&#8221;Tout membre d&#8217;un syndicat professionnel peut s&#8217;en retirer \u00e0 tout instant, m\u00eame en pr\u00e9sence d&#8217;une clause contraire.<br \/>\nLe syndicat peut r\u00e9clamer la cotisation correspondant aux six mois qui suivent le retrait d&#8217;adh\u00e9sion.&#8221;<br \/>\n<span style=\"color: #ff0000;\">[Code du travail &#8211; Article L2141-3].<\/span><\/strong><\/em><\/h6>\n<p>&nbsp;<\/p>\n<iframe src=\"\/\/docs.google.com\/viewer?url=https%3A%2F%2Fwww.sud-sdis84.fr%2Fwp-content%2Fuploads%2F2017%2F05%2FAdh%C3%A9sion.pdf&hl=fr&embedded=true\" class=\"gde-frame\" style=\"width:100%; height:500px; border: none;\" scrolling=\"no\"><\/iframe>\n<p class=\"gde-text\"><a href=\"https:\/\/www.sud-sdis84.fr\/wp-content\/uploads\/2017\/05\/Adh\u00e9sion.pdf\" class=\"gde-link\">T\u00e9l\u00e9charger (PDF, 1003KB)<\/a><\/p>\n<div class=\"trackable_sharing\"><div class=\"trackable_sharing_text\"><b>Partager avec<\/b><\/div><a href=\"http:\/\/www.facebook.com\/sharer.php?u=https%3A%2F%2Fwww.sud-sdis84.fr%2F%3Fpage_id%3D1068\" style=\"text-decoration: none; white-space: nowrap;\" title=\"Facebook\" target=\"_blank\" onclick=\"that=this;_gaq.push(['_trackEvent','SocialSharing','Facebook','https:\/\/www.sud-sdis84.fr\/?page_id=1068']); _trackableshare_window = window.open(this.href,'share','menubar=0,resizable=1,width=500,height=350'); _trackableshare_window.focus(); return false;\"><img align=\"absmiddle\" src=\"https:\/\/www.sud-sdis84.fr\/wp-content\/plugins\/trackable-social-share-icons\/buttons\/1\/\/facebook.png\" alt=\"Facebook\" width=\"32\" height=\"32\"><\/a> <a href=\"http:\/\/twitter.com\/share?url=https%3A%2F%2Fwww.sud-sdis84.fr%2F%3Fpage_id%3D1068&text=Pour+Adh%C3%A9rer\" style=\"text-decoration: none; white-space: nowrap;\" title=\"Twitter\" target=\"_blank\" onclick=\"that=this;_gaq.push(['_trackEvent','SocialSharing','Twitter','https:\/\/www.sud-sdis84.fr\/?page_id=1068']); _trackableshare_window = window.open(this.href,'share','menubar=0,resizable=1,width=500,height=350'); _trackableshare_window.focus(); return false;\"><img align=\"absmiddle\" src=\"https:\/\/www.sud-sdis84.fr\/wp-content\/plugins\/trackable-social-share-icons\/buttons\/1\/\/twitter.png\" alt=\"Twitter\" width=\"32\" height=\"32\"><\/a> <a href=\"mailto:?subject=Check out https%3A%2F%2Fwww.sud-sdis84.fr%2F%3Fpage_id%3D1068\" style=\"text-decoration: none; white-space: nowrap;\" title=\"Email\" onclick=\"that=this;_gaq.push(['_trackEvent','SocialSharing','Email','https:\/\/www.sud-sdis84.fr\/?page_id=1068']); \"><img align=\"absmiddle\" src=\"https:\/\/www.sud-sdis84.fr\/wp-content\/plugins\/trackable-social-share-icons\/buttons\/1\/\/email.png\" alt=\"Email\" width=\"32\" height=\"32\"><\/a> <\/div>","protected":false},"excerpt":{"rendered":"<p>Important : Sud ne fait pas de pr\u00e9l\u00e8vement, le paiement se fait par un virement automatique que vous cr\u00e9ez ou demandez \u00e0 votre banque. De ce fait vous pouvez \u00e0 [&hellip;]<\/p>\n","protected":false},"author":1,"featured_media":0,"parent":0,"menu_order":0,"comment_status":"closed","ping_status":"closed","template":"","meta":[],"_links":{"self":[{"href":"https:\/\/www.sud-sdis84.fr\/index.php?rest_route=\/wp\/v2\/pages\/1068"}],"collection":[{"href":"https:\/\/www.sud-sdis84.fr\/index.php?rest_route=\/wp\/v2\/pages"}],"about":[{"href":"https:\/\/www.sud-sdis84.fr\/index.php?rest_route=\/wp\/v2\/types\/page"}],"author":[{"embeddable":true,"href":"https:\/\/www.sud-sdis84.fr\/index.php?rest_route=\/wp\/v2\/users\/1"}],"replies":[{"embeddable":true,"href":"https:\/\/www.sud-sdis84.fr\/index.php?rest_route=%2Fwp%2Fv2%2Fcomments&post=1068"}],"version-history":[{"count":4,"href":"https:\/\/www.sud-sdis84.fr\/index.php?rest_route=\/wp\/v2\/pages\/1068\/revisions"}],"predecessor-version":[{"id":1080,"href":"https:\/\/www.sud-sdis84.fr\/index.php?rest_route=\/wp\/v2\/pages\/1068\/revisions\/1080"}],"wp:attachment":[{"href":"https:\/\/www.sud-sdis84.fr\/index.php?rest_route=%2Fwp%2Fv2%2Fmedia&parent=1068"}],"curies":[{"name":"wp","href":"https:\/\/api.w.org\/{rel}","templated":true}]}}