{"id":605,"date":"2012-12-18T11:06:03","date_gmt":"2012-12-18T10:06:03","guid":{"rendered":"http:\/\/www.sud-sdis84.fr\/?page_id=605"},"modified":"2012-12-18T11:06:24","modified_gmt":"2012-12-18T10:06:24","slug":"messagerie-interne","status":"publish","type":"page","link":"https:\/\/www.sud-sdis84.fr\/?page_id=605","title":{"rendered":"Messagerie Interne"},"content":{"rendered":"<p>&nbsp;<\/p>\n\n\n<!-- Fast Secure Contact Form plugin 4.0.52 - begin - FastSecureContactForm.com -->\r\n<div style=\"clear:both;\"><\/div>\n<p>Vos commentaires ou questions .<\/p>\r\n<div id=\"FSContact2\" style=\"width:375px;\">\r\n<form enctype=\"multipart\/form-data\" action=\"https:\/\/www.sud-sdis84.fr\/index.php?rest_route=%2Fwp%2Fv2%2Fpages%2F605#FSContact2\" id=\"fscf_form2\" method=\"post\">\r\n\n<div id=\"fscf_required2\">\n  <span style=\"text-align:left;\"> *<\/span> <span style=\"text-align:left;\">indique un champ requis<\/span>\n<\/div>\n\n<div id=\"fscf_div_clear_contact2\" style=\"clear:both;\">\n  <div id=\"fscf_div_field_contact2\" style=\"clear:left; float:left; width:99%; max-width:550px; margin-right:10px;\">\r\n    <div style=\"text-align:left; padding-top:5px;\">\r\n      <label style=\"text-align:left;\" for=\"fscf_mail_to2\">S\u00e9lectionnez un contact:<span style=\"text-align:left;\"> *<\/span><\/label>\r\n    <\/div>\r\n    <div style=\"text-align:left;\">\r\n      <select style=\"text-align:left;\" id=\"fscf_mail_to2\" name=\"mailto_id\"  aria-required=\"true\" >\r\n       <option value=\"\">S\u00e9lection<\/option>\n       <option value=\"1\">Guillaume Arnaud<\/option>\n       <option value=\"2\">Tous les Adh\u00e9rents SUD-SDIS84<\/option>\n       <option value=\"3\">Adh\u00e9rents Bollene<\/option>\n       <option value=\"4\">Adh\u00e9rents Carpentras<\/option>\n       <option value=\"5\">Adh\u00e9rent CODIS<\/option>\n       <option value=\"6\">Adh\u00e9rents isle sur sorgues<\/option>\n       <option value=\"7\">Adh\u00e9rent Orange<\/option>\n       <option value=\"8\">Adh\u00e9rents PATS<\/option>\n       <option value=\"9\">Adh\u00e9rents Pertuis<\/option>\n       <option value=\"10\">Adh\u00e9rents Sorgues<\/option>\n       <option value=\"11\">Adh\u00e9rents Vaison<\/option>\n      <\/select>\r\n    <\/div>\r\n  <\/div>\r\n<\/div>\r\n\n<div id=\"fscf_div_clear2_0\" style=\"clear:both;\">\n  <div id=\"fscf_div_field2_0\" style=\"clear:left; float:left; width:99%; max-width:550px; margin-right:10px;\">\r\n    <div style=\"text-align:left; padding-top:5px;\">\n      <label style=\"text-align:left;\" for=\"fscf_name2\">Nom<span style=\"text-align:left;\"> *<\/span><\/label>\n    <\/div>\r\n    <div style=\"text-align:left;\">\r\n      <input style=\"text-align:left; margin:0;\" type=\"text\" id=\"fscf_name2\" name=\"full_name\" value=\"\"  \/>\r\n    <\/div>\r\n  <\/div>\n<\/div>\n\n<div id=\"fscf_div_clear2_1\" style=\"clear:both;\">\n  <div id=\"fscf_div_field2_1\" style=\"clear:left; float:left; width:99%; max-width:550px; margin-right:10px;\">\n    <div style=\"text-align:left; padding-top:5px;\">\n      <label style=\"text-align:left;\" for=\"fscf_email2\">Courriel<span style=\"text-align:left;\"> *<\/span><\/label>\n    <\/div>\n    <div style=\"text-align:left;\">\n      <input style=\"text-align:left; margin:0;\" type=\"text\" id=\"fscf_email2\" name=\"email\" value=\"\"  \/>\n    <\/div>\n  <\/div>\n<\/div>\n\n<div id=\"fscf_div_clear2_2\" style=\"clear:both;\">\n  <div id=\"fscf_div_field2_2\" style=\"clear:left; float:left; width:99%; max-width:550px; margin-right:10px;\">\n    <div style=\"text-align:left; padding-top:5px;\">\n      <label style=\"text-align:left;\" for=\"fscf_field2_2\">Sujet<span style=\"text-align:left;\"> *<\/span><\/label>\n    <\/div>\n    <div style=\"text-align:left;\">\n      <input style=\"text-align:left; margin:0;\" type=\"text\" id=\"fscf_field2_2\" name=\"subject\" value=\"\"  \/>\n    <\/div>\n  <\/div>\n<\/div>\n\n<div id=\"fscf_div_clear2_3\" style=\"clear:both;\">\n  <div id=\"fscf_div_field2_3\" style=\"clear:left; float:left; width:99%; max-width:550px; margin-right:10px;\">\n    <div style=\"text-align:left; padding-top:5px;\">\n      <label style=\"text-align:left;\" for=\"fscf_field2_3\">Message<span style=\"text-align:left;\"> *<\/span><\/label>\n    <\/div>\n    <div style=\"text-align:left;\">\n      <textarea style=\"text-align:left; margin:0; width:99%; max-width:250px; height:120px;\" id=\"fscf_field2_3\" name=\"message\" cols=\"30\" rows=\"10\" ><\/textarea>\n    <\/div>\n  <\/div>\n<\/div>\n\n<div id=\"fscf_div_clear2_4\" style=\"clear:both;\">\n  <div id=\"fscf_div_field2_4\" style=\"clear:left; float:left; width:99%; max-width:550px; margin-right:10px;\">\n    <div  id=\"fscf_label2_4\" style=\"text-align:left; padding-top:5px;\">\r\n      <label style=\"text-align:left;\" for=\"fscf_field2_4\">Joindre une piece<\/label>\n    <\/div>\n    <div style=\"text-align:left;\">\n      <input style=\"text-align:left; margin:0;\" type=\"file\" id=\"fscf_field2_4\" name=\"joindre-une-piece\"  size=\"20\" \/><br \/>\n      <span id=\"fscf_hint_file_types2_4\" style=\"font-size:x-small; font-weight:normal;\">Types de fichiers autoris\u00e9s: doc,pdf,txt,gif,jpg,jpeg,png.<br \/>Taille maximale des fichiers: 2mb.<\/span>\n    <\/div>\n  <\/div>\n<\/div>\r\n<div style=\"clear:both;\"><\/div>\n\n<div style=\"text-align:left; padding-top:5px;\">\n<\/div>\n<div id=\"fscf_captcha_image_div2\" style=\"width:250px; height:65px; padding-top:5px;\">\n      <img id=\"fscf_captcha_image2\" style=\"border-style:none; margin:0; padding:0px; padding-right:5px; float:left;\" src=\"https:\/\/www.sud-sdis84.fr\/wp-content\/plugins\/si-contact-form\/captcha\/securimage_show.php?prefix=Hir84lvJWIQUy3qe\" width=\"175\" height=\"60\" alt=\"Code Anti-spam\" title=\"Code Anti-spam\" \/>\n      <input id=\"fscf_captcha_prefix2\" type=\"hidden\" name=\"fscf_captcha_prefix2\" value=\"Hir84lvJWIQUy3qe\" \/>\n     <div id=\"fscf_captcha_refresh2\">\n        <a href=\"#\" rel=\"nofollow\" title=\"Rafra\u00eechir\" onclick=\"fscf_captcha_refresh('2','\/wp-content\/plugins\/si-contact-form\/captcha','https:\/\/www.sud-sdis84.fr\/wp-content\/plugins\/si-contact-form\/captcha\/securimage_show.php?prefix='); return false;\">\n        <img src=\"https:\/\/www.sud-sdis84.fr\/wp-content\/plugins\/si-contact-form\/captcha\/images\/refresh.png\" width=\"22\" height=\"20\" alt=\"Rafra\u00eechir\" style=\"border-style:none; margin:0; padding:0px; vertical-align:bottom;\" onclick=\"this.blur();\" \/><\/a>\r\n     <\/div>\r\n<\/div>\r\n\r\n<div id=\"fscf_captcha_field2\" style=\"text-align:left; padding-top:5px;\">\r\n     <label style=\"text-align:left;\" for=\"fscf_captcha_code2\">Code Anti-spam<span style=\"text-align:left;\"> *<\/span><\/label>\r\n<\/div>\r\n<div style=\"text-align:left;\">\n     <input style=\"text-align:left; margin:0; width:50px;\" type=\"text\" value=\"\" autocomplete=\"off\" id=\"fscf_captcha_code2\" name=\"captcha_code\"  \/>\n<\/div>\n\n<div id=\"fscf_submit_div2\" style=\"text-align:left; padding-top:8px;\">\r\n\t\t<input type=\"submit\" id=\"fscf_submit2\" style=\"cursor:pointer; margin:0;\" value=\"Envoyer\"  onclick=\"return confirm('Etes-vous s\u00fbr?')\" \/> <input type=\"reset\" id=\"fscf_reset2\" style=\"cursor:pointer; margin:0;\" value=\"Effacer\" onclick=\"return confirm('Voulez-vous vraiment effacer le formulaire?')\" \/>\n<\/div>\n\n<input type=\"hidden\" name=\"fscf_submitted\" value=\"0\" \/>\n<input type=\"hidden\" name=\"fs_postonce_2\" value=\"fd23022b355c00c3c12c0c19c18b83ce,1777365319\" \/>\n<input type=\"hidden\" name=\"si_contact_action\" value=\"send\" \/>\n<input type=\"hidden\" name=\"form_id\" value=\"2\" \/>\n\n<\/form>\n\n    <p style=\"font-size:x-small; font-weight:normal; padding-top:5px;\">Formulaire g\u00e9n\u00e9r\u00e9 gr\u00e2ce \u00e0 <a href=\"http:\/\/wordpress.org\/extend\/plugins\/si-contact-form\/\" target=\"_blank\">Fast Secure Contact Form<\/a><\/p>\n<\/div>\r\n<div style=\"clear:both;\"><\/div>\n\n<!-- Fast Secure Contact Form plugin 4.0.52 - end - FastSecureContactForm.com -->\n\n<div class=\"trackable_sharing\"><div class=\"trackable_sharing_text\"><b>Partager avec<\/b><\/div><a href=\"http:\/\/www.facebook.com\/sharer.php?u=https%3A%2F%2Fwww.sud-sdis84.fr%2F%3Fpage_id%3D605\" style=\"text-decoration: none; white-space: nowrap;\" title=\"Facebook\" target=\"_blank\" onclick=\"that=this;_gaq.push(['_trackEvent','SocialSharing','Facebook','https:\/\/www.sud-sdis84.fr\/?page_id=605']); _trackableshare_window = window.open(this.href,'share','menubar=0,resizable=1,width=500,height=350'); _trackableshare_window.focus(); return false;\"><img align=\"absmiddle\" src=\"https:\/\/www.sud-sdis84.fr\/wp-content\/plugins\/trackable-social-share-icons\/buttons\/1\/\/facebook.png\" alt=\"Facebook\" width=\"32\" height=\"32\"><\/a> <a href=\"http:\/\/twitter.com\/share?url=https%3A%2F%2Fwww.sud-sdis84.fr%2F%3Fpage_id%3D605&text=Messagerie+Interne\" style=\"text-decoration: none; white-space: nowrap;\" title=\"Twitter\" target=\"_blank\" onclick=\"that=this;_gaq.push(['_trackEvent','SocialSharing','Twitter','https:\/\/www.sud-sdis84.fr\/?page_id=605']); _trackableshare_window = window.open(this.href,'share','menubar=0,resizable=1,width=500,height=350'); _trackableshare_window.focus(); return false;\"><img align=\"absmiddle\" src=\"https:\/\/www.sud-sdis84.fr\/wp-content\/plugins\/trackable-social-share-icons\/buttons\/1\/\/twitter.png\" alt=\"Twitter\" width=\"32\" height=\"32\"><\/a> <a href=\"mailto:?subject=Check out https%3A%2F%2Fwww.sud-sdis84.fr%2F%3Fpage_id%3D605\" style=\"text-decoration: none; white-space: nowrap;\" title=\"Email\" onclick=\"that=this;_gaq.push(['_trackEvent','SocialSharing','Email','https:\/\/www.sud-sdis84.fr\/?page_id=605']); \"><img align=\"absmiddle\" src=\"https:\/\/www.sud-sdis84.fr\/wp-content\/plugins\/trackable-social-share-icons\/buttons\/1\/\/email.png\" alt=\"Email\" width=\"32\" height=\"32\"><\/a> <\/div>","protected":false},"excerpt":{"rendered":"<p>&nbsp; Partager avec<\/p>\n","protected":false},"author":1,"featured_media":0,"parent":0,"menu_order":0,"comment_status":"closed","ping_status":"closed","template":"","meta":[],"_links":{"self":[{"href":"https:\/\/www.sud-sdis84.fr\/index.php?rest_route=\/wp\/v2\/pages\/605"}],"collection":[{"href":"https:\/\/www.sud-sdis84.fr\/index.php?rest_route=\/wp\/v2\/pages"}],"about":[{"href":"https:\/\/www.sud-sdis84.fr\/index.php?rest_route=\/wp\/v2\/types\/page"}],"author":[{"embeddable":true,"href":"https:\/\/www.sud-sdis84.fr\/index.php?rest_route=\/wp\/v2\/users\/1"}],"replies":[{"embeddable":true,"href":"https:\/\/www.sud-sdis84.fr\/index.php?rest_route=%2Fwp%2Fv2%2Fcomments&post=605"}],"version-history":[{"count":4,"href":"https:\/\/www.sud-sdis84.fr\/index.php?rest_route=\/wp\/v2\/pages\/605\/revisions"}],"predecessor-version":[{"id":610,"href":"https:\/\/www.sud-sdis84.fr\/index.php?rest_route=\/wp\/v2\/pages\/605\/revisions\/610"}],"wp:attachment":[{"href":"https:\/\/www.sud-sdis84.fr\/index.php?rest_route=%2Fwp%2Fv2%2Fmedia&parent=605"}],"curies":[{"name":"wp","href":"https:\/\/api.w.org\/{rel}","templated":true}]}}