{"id":675,"date":"2013-01-02T14:10:07","date_gmt":"2013-01-02T13:10:07","guid":{"rendered":"http:\/\/www.sud-sdis84.fr\/?page_id=675"},"modified":"2013-05-27T16:27:09","modified_gmt":"2013-05-27T14:27:09","slug":"docs-sdis-84","status":"publish","type":"page","link":"https:\/\/www.sud-sdis84.fr\/?page_id=675","title":{"rendered":"Docs SDIS 84"},"content":{"rendered":"<p>L\u2019arr\u00eat\u00e9 d&#8217;organisation du Sdis84 version 2010 :<a href=\"https:\/\/www.sud-sdis84.fr\/wp-content\/uploads\/2013\/01\/organisation-du-sdis2010.pdf\">organisation du sdis2010<\/a><\/p>\n<p><strong>Le r\u00e8glement int\u00e9rieur du Sdis 84<\/strong> :\u00a0<a title=\"RI2011\" href=\"https:\/\/www.sud-sdis84.fr\/documents\/vaucluse\/RI2011%20COMPLET.pdf\" target=\"_blank\">RI du sdis 84<\/a><\/p>\n<p><strong>le Projet de RO du sdis84<\/strong> :\u00a0<a title=\"RO2012\" href=\"https:\/\/www.sud-sdis84.fr\/documents\/vaucluse\/RO%202012.pdf\" target=\"_blank\">RO2012<\/a><\/p>\n<p>(pour obtenir tout les fichiers inh\u00e9rents au RO se rendre dans l&#8217;onglet <a title=\"Refonte RO\" href=\"https:\/\/www.sud-sdis84.fr\/?page_id=569\" target=\"_blank\">RO<\/a><\/p>\n<p>Le <strong>SDACR<\/strong>\u00a0<strong>2009<\/strong>(sch\u00e9ma d\u00e9partemental d&#8217;analyse et couverture de risques) du Vaucluse:<\/p>\n<p>Dans son int\u00e9gralit\u00e9 : <a title=\"sdacr 84\" href=\"https:\/\/www.sud-sdis84.fr\/documents\/vaucluse\/sdacr%20vaucluse%202009.pdf\" target=\"_blank\">complet<\/a><\/p>\n<p style=\"padding-left: 30px;\">ou par partie :<br \/>\n<a title=\"sdacr risque particulier\" href=\"https:\/\/www.sud-sdis84.fr\/documents\/vaucluse\/sdacr%20vaucluse%202009%20analyse%20des%20risques%20particulier.pdf\" target=\"_blank\">les risques particuliers<br \/>\n<\/a><a title=\"sdacr84 description du d\u00e9partement \" href=\"https:\/\/www.sud-sdis84.fr\/documents\/vaucluse\/sdacr%20vaucluse%202009%20avant%20propos%20et%20description%20departement.pdf\" target=\"_blank\">description du d\u00e9partement<\/a><br \/>\n<a title=\"sdacr 84 classement des CIS\" href=\"https:\/\/www.sud-sdis84.fr\/documents\/vaucluse\/sdacr%20vaucluse%202009%20classement%20des%20cis.pdf\" target=\"_blank\">classement des CIS<\/a><br \/>\n<a title=\"sdacr84 risque courants\" href=\"https:\/\/www.sud-sdis84.fr\/documents\/vaucluse\/sdacr%20vaucluse%202009%20organisation%20teritoriale%20analyse%20des%20risques%20courant.pdf\" target=\"_blank\">les risques courants<\/a><\/p>\n<p><strong>IAT\u00a0<\/strong><\/p>\n<p style=\"padding-left: 30px;\"><a title=\"iat 2011\" href=\"https:\/\/www.sud-sdis84.fr\/documents\/vaucluse\/IAT2011pdf.pdf\" target=\"_blank\">IAT 2011<br \/>\n<\/a><a title=\"iat 2011 suite\" href=\"https:\/\/www.sud-sdis84.fr\/documents\/vaucluse\/IAT%202011%20suite.pdf\" target=\"_blank\">IAT 2011 suite<\/a><\/p>\n<p>&nbsp;<\/p>\n<div class=\"trackable_sharing\"><div class=\"trackable_sharing_text\"><b>Partager avec<\/b><\/div><a href=\"http:\/\/www.facebook.com\/sharer.php?u=https%3A%2F%2Fwww.sud-sdis84.fr%2F%3Fpage_id%3D675\" style=\"text-decoration: none; white-space: nowrap;\" title=\"Facebook\" target=\"_blank\" onclick=\"that=this;_gaq.push(['_trackEvent','SocialSharing','Facebook','https:\/\/www.sud-sdis84.fr\/?page_id=675']); _trackableshare_window = window.open(this.href,'share','menubar=0,resizable=1,width=500,height=350'); _trackableshare_window.focus(); return false;\"><img align=\"absmiddle\" src=\"https:\/\/www.sud-sdis84.fr\/wp-content\/plugins\/trackable-social-share-icons\/buttons\/1\/\/facebook.png\" alt=\"Facebook\" width=\"32\" height=\"32\"><\/a> <a href=\"http:\/\/twitter.com\/share?url=https%3A%2F%2Fwww.sud-sdis84.fr%2F%3Fpage_id%3D675&text=Docs+SDIS+84\" style=\"text-decoration: none; white-space: nowrap;\" title=\"Twitter\" target=\"_blank\" onclick=\"that=this;_gaq.push(['_trackEvent','SocialSharing','Twitter','https:\/\/www.sud-sdis84.fr\/?page_id=675']); _trackableshare_window = window.open(this.href,'share','menubar=0,resizable=1,width=500,height=350'); _trackableshare_window.focus(); return false;\"><img align=\"absmiddle\" src=\"https:\/\/www.sud-sdis84.fr\/wp-content\/plugins\/trackable-social-share-icons\/buttons\/1\/\/twitter.png\" alt=\"Twitter\" width=\"32\" height=\"32\"><\/a> <a href=\"mailto:?subject=Check out https%3A%2F%2Fwww.sud-sdis84.fr%2F%3Fpage_id%3D675\" style=\"text-decoration: none; white-space: nowrap;\" title=\"Email\" onclick=\"that=this;_gaq.push(['_trackEvent','SocialSharing','Email','https:\/\/www.sud-sdis84.fr\/?page_id=675']); \"><img align=\"absmiddle\" src=\"https:\/\/www.sud-sdis84.fr\/wp-content\/plugins\/trackable-social-share-icons\/buttons\/1\/\/email.png\" alt=\"Email\" width=\"32\" height=\"32\"><\/a> <\/div>","protected":false},"excerpt":{"rendered":"<p>L\u2019arr\u00eat\u00e9 d&#8217;organisation du Sdis84 version 2010 :organisation du sdis2010 Le r\u00e8glement int\u00e9rieur du Sdis 84 :\u00a0RI du sdis 84 le Projet de RO du sdis84 :\u00a0RO2012 (pour obtenir tout les [&hellip;]<\/p>\n","protected":false},"author":1,"featured_media":0,"parent":502,"menu_order":0,"comment_status":"open","ping_status":"open","template":"","meta":[],"_links":{"self":[{"href":"https:\/\/www.sud-sdis84.fr\/index.php?rest_route=\/wp\/v2\/pages\/675"}],"collection":[{"href":"https:\/\/www.sud-sdis84.fr\/index.php?rest_route=\/wp\/v2\/pages"}],"about":[{"href":"https:\/\/www.sud-sdis84.fr\/index.php?rest_route=\/wp\/v2\/types\/page"}],"author":[{"embeddable":true,"href":"https:\/\/www.sud-sdis84.fr\/index.php?rest_route=\/wp\/v2\/users\/1"}],"replies":[{"embeddable":true,"href":"https:\/\/www.sud-sdis84.fr\/index.php?rest_route=%2Fwp%2Fv2%2Fcomments&post=675"}],"version-history":[{"count":10,"href":"https:\/\/www.sud-sdis84.fr\/index.php?rest_route=\/wp\/v2\/pages\/675\/revisions"}],"predecessor-version":[{"id":841,"href":"https:\/\/www.sud-sdis84.fr\/index.php?rest_route=\/wp\/v2\/pages\/675\/revisions\/841"}],"up":[{"embeddable":true,"href":"https:\/\/www.sud-sdis84.fr\/index.php?rest_route=\/wp\/v2\/pages\/502"}],"wp:attachment":[{"href":"https:\/\/www.sud-sdis84.fr\/index.php?rest_route=%2Fwp%2Fv2%2Fmedia&parent=675"}],"curies":[{"name":"wp","href":"https:\/\/api.w.org\/{rel}","templated":true}]}}